{"id":112,"date":"2019-06-18T06:15:17","date_gmt":"2019-06-18T06:15:17","guid":{"rendered":"https:\/\/emphires-demo.pbminfotech.com\/nutrition\/?page_id=10399"},"modified":"2022-10-19T00:55:15","modified_gmt":"2022-10-18T22:55:15","slug":"blog","status":"publish","type":"page","link":"https:\/\/alphabetgroup.net\/recruiter\/blog\/","title":{"rendered":"Blog"},"content":{"rendered":"\t\t<div data-elementor-type=\"wp-page\" data-elementor-id=\"112\" class=\"elementor elementor-112\" data-elementor-post-type=\"page\">\n\t\t\t\t\t\t<div class=\"elementor-section elementor-top-section elementor-element elementor-element-5a66c86 cspt-bg-color-yes cspt-elementor-bg-color-light elementor-section-stretched cspt-col-stretched-none cspt-bg-color-over-image elementor-section-boxed elementor-section-height-default elementor-section-height-default\" data-id=\"5a66c86\" data-element_type=\"section\" data-settings=\"{&quot;stretch_section&quot;:&quot;section-stretched&quot;}\">\n\t\t\t\t\t\t<div class=\"elementor-container elementor-column-gap-no\">\n\t\t\t\t\t<div class=\"elementor-column elementor-col-100 elementor-top-column elementor-element elementor-element-b6ed453 cspt-bg-color-over-image\" data-id=\"b6ed453\" data-element_type=\"column\">\n\t\t\t<div class=\"elementor-widget-wrap elementor-element-populated\">\n\t\t\t\t\t\t<div class=\"elementor-element elementor-element-a59f209 elementor-widget elementor-widget-cspt_blog_element\" data-id=\"a59f209\" data-element_type=\"widget\" data-widget_type=\"cspt_blog_element.default\">\n\t\t\t\t<div class=\"elementor-widget-container\">\n\t\t\t\t\t\r\n\t\t<div class=\"creativesplanet-element creativesplanet-element-blog cspt-element-blog-style-1 creativesplanet-element-viewtype-row-column creativesplanet-gap-30px\" data-show=\"9\" data-columns=\"3\" data-loop=\"false\" data-autoplay=\"false\" data-center=\"false\" data-nav=\"false\" data-dots=\"false\" data-autoplayspeed=\"1000\" data-margin=\"30px\"><div class=\"creativesplanet-element-inner\">\r\n\t\t\r\n\t\t\t<div class=\"cspt-ele-header-area\">\r\n\t\t\t\t\t<div class=\"cspt-heading-subheading -align \"><\/div>\r\n\t\t\t\t\r\n\t\t\t<\/div>\r\n\r\n\t\t\t<div class=\"cspt-element-posts-wrapper row multi-columns-row\">\r\n\r\n\t\t\t<div class=\"cspt-ele cspt-blog-ele col-md-4 recruiter\"><article class=\"creativesplanet-ele creativesplanet-ele-blog cspt-blogbox-style-1 post-2492 post type-post status-publish format-standard has-post-thumbnail hentry category-recruiter tag-posredovanje-pri-zaposljavanju tag-testiranje-kandidata tag-testiranje-pri-zaposljavanju tag-zaposljavanje\">\r\n\t<div class=\"post-item\">\r\n\t\t<div class=\"cspt-featured-container\">\r\n\t\t\t<div class=\"cspt-featured-wrapper\"><a href=\"https:\/\/alphabetgroup.net\/recruiter\/testiranje-kandidata-kako-da-vise-ne-grijesite-u-zaposljavanju\/\"><img fetchpriority=\"high\" decoding=\"async\" width=\"770\" height=\"500\" src=\"https:\/\/alphabetgroup.net\/recruiter\/wp-content\/uploads\/2025\/05\/Featured-blog-foto-Recruiter-770x500.png\" class=\"attachment-cspt-img-770x500 size-cspt-img-770x500 wp-post-image\" alt=\"testiranje kandidata\" data-id=\"2500\" \/><\/a><\/div>\t\t\t<div class=\"cspt-meta-date\">05<span>maj<\/span><\/div>\t \t\t\t\r\n\t\t<\/div>\r\n\t\t<div class=\"creativesplanet-box-content\">\t\r\n\t\t\t<div class=\"cspt-meta-container\">\r\n\t\t\t\t<div class=\"cspt-meta-author-wrapper cspt-meta-line\">\t\t\t\t\t\r\n\t\t\t\t\t<a href=\"https:\/\/alphabetgroup.net\/recruiter\/author\/zlojutroultimax-ba\/\" title=\"Posted by Eklektika\" rel=\"author\"><i class=\"cspt-base-icon-user-1\"><\/i> by Eklektika<\/a>\r\n\t\t\t\t<\/div>\r\n\t\t\t\t<div class=\"cspt-meta-date-wrapper cspt-meta-line\">\t\t\t\t\t\r\n\t\t\t\t\t<div class=\"cspt-meta-category\"><i class=\"cspt-base-icon-folder-open-empty\"><\/i> <a href=\"https:\/\/alphabetgroup.net\/recruiter\/category\/recruiter\/\" rel=\"category tag\">Recruiter<\/a><\/div>\t\r\n\t\t\t\t<\/div>\t\t\t\t\r\n\t\t\t\t<div class=\"cspt-meta-date-wrapper cspt-meta-line\">\t\r\n\t\t\t\t\t<i class=\"cspt-base-icon-comment-empty\"><\/i> <span class=\"cspt-meta cspt-meta-comments\">0<\/span>\r\n\t\t\t\t<\/div>\r\n\t\t\t\t\t\t\t\t\r\n\t\t\t\t\t\t\t<\/div>\r\n\t\t\t<h3 class=\"cspt-post-title\"><a href=\"https:\/\/alphabetgroup.net\/recruiter\/testiranje-kandidata-kako-da-vise-ne-grijesite-u-zaposljavanju\/\">Testiranje kandidata: Kako da vi\u0161e ne grije\u0161ite u zapo\u0161ljavanju?<\/a><\/h3>\r\n\t\t\t<div class=\"creativesplanet-box-desc\">\r\n\t\t\t\t<div class=\"creativesplanet-box-desc-text\">\r\n\t\t\t\t\tUkoliko se u procesu selekcije presko\u010di testiranje kandidata, rizik od lo\u0161eg izbora zna\u010dajno raste. Bez&hellip;\t\t\t\t\t\r\n\t\t\t\t<\/div>\t\t\r\n\t\t\t\t<div class=\"cspt-read-more-link\"><a href=\"https:\/\/alphabetgroup.net\/recruiter\/testiranje-kandidata-kako-da-vise-ne-grijesite-u-zaposljavanju\/\"><span>Saznaj vi\u0161e<\/span><\/a><\/div>\t\r\n\t\t\t<\/div>\r\n\t\t<\/div>\r\n\t<\/div>\r\n<\/article><\/div><div class=\"cspt-ele cspt-blog-ele col-md-4 recruiter\"><article class=\"creativesplanet-ele creativesplanet-ele-blog cspt-blogbox-style-1 post-1481 post type-post status-publish format-standard has-post-thumbnail hentry category-recruiter tag-headhunting tag-recruiter-bh\">\r\n\t<div class=\"post-item\">\r\n\t\t<div class=\"cspt-featured-container\">\r\n\t\t\t<div class=\"cspt-featured-wrapper\"><a href=\"https:\/\/alphabetgroup.net\/recruiter\/headhunting-2-0-inovativna-metoda-regrutacije-strucnih-kadrova\/\"><img decoding=\"async\" width=\"770\" height=\"500\" src=\"https:\/\/alphabetgroup.net\/recruiter\/wp-content\/uploads\/2023\/09\/Blog-foto-3-770x500.png\" class=\"attachment-cspt-img-770x500 size-cspt-img-770x500 wp-post-image\" alt=\"headhunting proces\" data-id=\"1492\" \/><\/a><\/div>\t\t\t<div class=\"cspt-meta-date\">12<span>sep<\/span><\/div>\t \t\t\t\r\n\t\t<\/div>\r\n\t\t<div class=\"creativesplanet-box-content\">\t\r\n\t\t\t<div class=\"cspt-meta-container\">\r\n\t\t\t\t<div class=\"cspt-meta-author-wrapper cspt-meta-line\">\t\t\t\t\t\r\n\t\t\t\t\t<a href=\"https:\/\/alphabetgroup.net\/recruiter\/author\/socialmediaeklektika-me\/\" title=\"Posted by socialmedia@eklektika.me\" rel=\"author\"><i class=\"cspt-base-icon-user-1\"><\/i> by socialmedia@eklektika.me<\/a>\r\n\t\t\t\t<\/div>\r\n\t\t\t\t<div class=\"cspt-meta-date-wrapper cspt-meta-line\">\t\t\t\t\t\r\n\t\t\t\t\t<div class=\"cspt-meta-category\"><i class=\"cspt-base-icon-folder-open-empty\"><\/i> <a href=\"https:\/\/alphabetgroup.net\/recruiter\/category\/recruiter\/\" rel=\"category tag\">Recruiter<\/a><\/div>\t\r\n\t\t\t\t<\/div>\t\t\t\t\r\n\t\t\t\t<div class=\"cspt-meta-date-wrapper cspt-meta-line\">\t\r\n\t\t\t\t\t<i class=\"cspt-base-icon-comment-empty\"><\/i> <span class=\"cspt-meta cspt-meta-comments\">0<\/span>\r\n\t\t\t\t<\/div>\r\n\t\t\t\t\t\t\t\t\r\n\t\t\t\t\t\t\t<\/div>\r\n\t\t\t<h3 class=\"cspt-post-title\"><a href=\"https:\/\/alphabetgroup.net\/recruiter\/headhunting-2-0-inovativna-metoda-regrutacije-strucnih-kadrova\/\">HEADHUNTING 2.0: INOVATIVNA METODA REGUTACIJE STRU\u010cNIH KADROVA<\/a><\/h3>\r\n\t\t\t<div class=\"creativesplanet-box-desc\">\r\n\t\t\t\t<div class=\"creativesplanet-box-desc-text\">\r\n\t\t\t\t\tHeadhunting je specifi\u010dna metoda regrutacije visoko kvalifikovanih i stru\u010dnih pojedinaca za odre\u0111ene pozicije u organizacijama.&hellip;\t\t\t\t\t\r\n\t\t\t\t<\/div>\t\t\r\n\t\t\t\t<div class=\"cspt-read-more-link\"><a href=\"https:\/\/alphabetgroup.net\/recruiter\/headhunting-2-0-inovativna-metoda-regrutacije-strucnih-kadrova\/\"><span>Saznaj vi\u0161e<\/span><\/a><\/div>\t\r\n\t\t\t<\/div>\r\n\t\t<\/div>\r\n\t<\/div>\r\n<\/article><\/div><div class=\"cspt-ele cspt-blog-ele col-md-4 recruiter\"><article class=\"creativesplanet-ele creativesplanet-ele-blog cspt-blogbox-style-1 post-1389 post type-post status-publish format-standard has-post-thumbnail hentry category-recruiter tag-ageism tag-recruiter-bh tag-regrutacija-i-selekcija tag-starosna-diskriminacija\">\r\n\t<div class=\"post-item\">\r\n\t\t<div class=\"cspt-featured-container\">\r\n\t\t\t<div class=\"cspt-featured-wrapper\"><a href=\"https:\/\/alphabetgroup.net\/recruiter\/%f0%9d%98%88%f0%9d%98%a8%f0%9d%98%a6%f0%9d%98%aa%f0%9d%98%b4%f0%9d%98%ae-u-procesu-regrutacije-i-selekcije-kako-izbjeci-starosnu-diskriminaciju\/\"><img decoding=\"async\" width=\"770\" height=\"500\" src=\"https:\/\/alphabetgroup.net\/recruiter\/wp-content\/uploads\/2023\/01\/Featured-blog-foto-Recruiter-770x500.png\" class=\"attachment-cspt-img-770x500 size-cspt-img-770x500 wp-post-image\" alt=\"\" data-id=\"1392\" \/><\/a><\/div>\t\t\t<div class=\"cspt-meta-date\">19<span>jan<\/span><\/div>\t \t\t\t\r\n\t\t<\/div>\r\n\t\t<div class=\"creativesplanet-box-content\">\t\r\n\t\t\t<div class=\"cspt-meta-container\">\r\n\t\t\t\t<div class=\"cspt-meta-author-wrapper cspt-meta-line\">\t\t\t\t\t\r\n\t\t\t\t\t<a href=\"https:\/\/alphabetgroup.net\/recruiter\/author\/admin-recruiter\/\" title=\"Posted by admin.recruiter\" rel=\"author\"><i class=\"cspt-base-icon-user-1\"><\/i> by admin.recruiter<\/a>\r\n\t\t\t\t<\/div>\r\n\t\t\t\t<div class=\"cspt-meta-date-wrapper cspt-meta-line\">\t\t\t\t\t\r\n\t\t\t\t\t<div class=\"cspt-meta-category\"><i class=\"cspt-base-icon-folder-open-empty\"><\/i> <a href=\"https:\/\/alphabetgroup.net\/recruiter\/category\/recruiter\/\" rel=\"category tag\">Recruiter<\/a><\/div>\t\r\n\t\t\t\t<\/div>\t\t\t\t\r\n\t\t\t\t<div class=\"cspt-meta-date-wrapper cspt-meta-line\">\t\r\n\t\t\t\t\t<i class=\"cspt-base-icon-comment-empty\"><\/i> <span class=\"cspt-meta cspt-meta-comments\">0<\/span>\r\n\t\t\t\t<\/div>\r\n\t\t\t\t\t\t\t\t\r\n\t\t\t\t\t\t\t<\/div>\r\n\t\t\t<h3 class=\"cspt-post-title\"><a href=\"https:\/\/alphabetgroup.net\/recruiter\/%f0%9d%98%88%f0%9d%98%a8%f0%9d%98%a6%f0%9d%98%aa%f0%9d%98%b4%f0%9d%98%ae-u-procesu-regrutacije-i-selekcije-kako-izbjeci-starosnu-diskriminaciju\/\">\ud835\ude08\ud835\ude0e\ud835\ude0c\ud835\ude10\ud835\ude1a\ud835\ude14 U PROCESU REGRUTACIJE I SELEKCIJE: KAKO IZBJE\u0106I STAROSNU DISKRIMINACIJU<\/a><\/h3>\r\n\t\t\t<div class=\"creativesplanet-box-desc\">\r\n\t\t\t\t<div class=\"creativesplanet-box-desc-text\">\r\n\t\t\t\t\t\u201eMladi ljudi su jednostavno pametniji\u201c, poznata je izjava jo\u0161 poznatijeg Marka Cukerberga kojom je javno&hellip;\t\t\t\t\t\r\n\t\t\t\t<\/div>\t\t\r\n\t\t\t\t<div class=\"cspt-read-more-link\"><a href=\"https:\/\/alphabetgroup.net\/recruiter\/%f0%9d%98%88%f0%9d%98%a8%f0%9d%98%a6%f0%9d%98%aa%f0%9d%98%b4%f0%9d%98%ae-u-procesu-regrutacije-i-selekcije-kako-izbjeci-starosnu-diskriminaciju\/\"><span>Saznaj vi\u0161e<\/span><\/a><\/div>\t\r\n\t\t\t<\/div>\r\n\t\t<\/div>\r\n\t<\/div>\r\n<\/article><\/div><div class=\"cspt-ele cspt-blog-ele col-md-4 recruiter\"><article class=\"creativesplanet-ele creativesplanet-ele-blog cspt-blogbox-style-1 post-1368 post type-post status-publish format-standard has-post-thumbnail hentry category-recruiter tag-drustvene-mreze tag-regrutacija-i-selekcija\">\r\n\t<div class=\"post-item\">\r\n\t\t<div class=\"cspt-featured-container\">\r\n\t\t\t<div class=\"cspt-featured-wrapper\"><a href=\"https:\/\/alphabetgroup.net\/recruiter\/koristite-li-drustvene-mreze-u-procesu-regrutacije\/\"><img loading=\"lazy\" decoding=\"async\" width=\"770\" height=\"500\" src=\"https:\/\/alphabetgroup.net\/recruiter\/wp-content\/uploads\/2022\/11\/1-770x500.png\" class=\"attachment-cspt-img-770x500 size-cspt-img-770x500 wp-post-image\" alt=\"dru\u0161tvene mre\u017ee selekcija i regrutacija\" data-id=\"1375\" \/><\/a><\/div>\t\t\t<div class=\"cspt-meta-date\">24<span>okt<\/span><\/div>\t \t\t\t\r\n\t\t<\/div>\r\n\t\t<div class=\"creativesplanet-box-content\">\t\r\n\t\t\t<div class=\"cspt-meta-container\">\r\n\t\t\t\t<div class=\"cspt-meta-author-wrapper cspt-meta-line\">\t\t\t\t\t\r\n\t\t\t\t\t<a href=\"https:\/\/alphabetgroup.net\/recruiter\/author\/admin-recruiter\/\" title=\"Posted by admin.recruiter\" rel=\"author\"><i class=\"cspt-base-icon-user-1\"><\/i> by admin.recruiter<\/a>\r\n\t\t\t\t<\/div>\r\n\t\t\t\t<div class=\"cspt-meta-date-wrapper cspt-meta-line\">\t\t\t\t\t\r\n\t\t\t\t\t<div class=\"cspt-meta-category\"><i class=\"cspt-base-icon-folder-open-empty\"><\/i> <a href=\"https:\/\/alphabetgroup.net\/recruiter\/category\/recruiter\/\" rel=\"category tag\">Recruiter<\/a><\/div>\t\r\n\t\t\t\t<\/div>\t\t\t\t\r\n\t\t\t\t<div class=\"cspt-meta-date-wrapper cspt-meta-line\">\t\r\n\t\t\t\t\t<i class=\"cspt-base-icon-comment-empty\"><\/i> <span class=\"cspt-meta cspt-meta-comments\">0<\/span>\r\n\t\t\t\t<\/div>\r\n\t\t\t\t\t\t\t\t\r\n\t\t\t\t\t\t\t<\/div>\r\n\t\t\t<h3 class=\"cspt-post-title\"><a href=\"https:\/\/alphabetgroup.net\/recruiter\/koristite-li-drustvene-mreze-u-procesu-regrutacije\/\">KORISTITE LI DRU\u0160TVENE MRE\u017dE U PROCESU REGRUTACIJE?<\/a><\/h3>\r\n\t\t\t<div class=\"creativesplanet-box-desc\">\r\n\t\t\t\t<div class=\"creativesplanet-box-desc-text\">\r\n\t\t\t\t\tInternet i dru\u0161tvene mre\u017ee sa sobom su donijele velike promjene u ljudske \u017eivote, mijenjaju\u0107i postoje\u0107i&hellip;\t\t\t\t\t\r\n\t\t\t\t<\/div>\t\t\r\n\t\t\t\t<div class=\"cspt-read-more-link\"><a href=\"https:\/\/alphabetgroup.net\/recruiter\/koristite-li-drustvene-mreze-u-procesu-regrutacije\/\"><span>Saznaj vi\u0161e<\/span><\/a><\/div>\t\r\n\t\t\t<\/div>\r\n\t\t<\/div>\r\n\t<\/div>\r\n<\/article><\/div><div class=\"cspt-ele cspt-blog-ele col-md-4 recruiter\"><article class=\"creativesplanet-ele creativesplanet-ele-blog cspt-blogbox-style-1 post-1356 post type-post status-publish format-standard has-post-thumbnail hentry category-recruiter tag-ats tag-regrutacija tag-selekcija\">\r\n\t<div class=\"post-item\">\r\n\t\t<div class=\"cspt-featured-container\">\r\n\t\t\t<div class=\"cspt-featured-wrapper\"><a href=\"https:\/\/alphabetgroup.net\/recruiter\/ats-virtuelni-asistent-za-regrutaciju-i-selekciju-bez-greske\/\"><img loading=\"lazy\" decoding=\"async\" width=\"770\" height=\"500\" src=\"https:\/\/alphabetgroup.net\/recruiter\/wp-content\/uploads\/2022\/11\/2-770x500.png\" class=\"attachment-cspt-img-770x500 size-cspt-img-770x500 wp-post-image\" alt=\"ats recruiter bh\" data-id=\"1366\" \/><\/a><\/div>\t\t\t<div class=\"cspt-meta-date\">12<span>sep<\/span><\/div>\t \t\t\t\r\n\t\t<\/div>\r\n\t\t<div class=\"creativesplanet-box-content\">\t\r\n\t\t\t<div class=\"cspt-meta-container\">\r\n\t\t\t\t<div class=\"cspt-meta-author-wrapper cspt-meta-line\">\t\t\t\t\t\r\n\t\t\t\t\t<a href=\"https:\/\/alphabetgroup.net\/recruiter\/author\/admin-recruiter\/\" title=\"Posted by admin.recruiter\" rel=\"author\"><i class=\"cspt-base-icon-user-1\"><\/i> by admin.recruiter<\/a>\r\n\t\t\t\t<\/div>\r\n\t\t\t\t<div class=\"cspt-meta-date-wrapper cspt-meta-line\">\t\t\t\t\t\r\n\t\t\t\t\t<div class=\"cspt-meta-category\"><i class=\"cspt-base-icon-folder-open-empty\"><\/i> <a href=\"https:\/\/alphabetgroup.net\/recruiter\/category\/recruiter\/\" rel=\"category tag\">Recruiter<\/a><\/div>\t\r\n\t\t\t\t<\/div>\t\t\t\t\r\n\t\t\t\t<div class=\"cspt-meta-date-wrapper cspt-meta-line\">\t\r\n\t\t\t\t\t<i class=\"cspt-base-icon-comment-empty\"><\/i> <span class=\"cspt-meta cspt-meta-comments\">0<\/span>\r\n\t\t\t\t<\/div>\r\n\t\t\t\t\t\t\t\t\r\n\t\t\t\t\t\t\t<\/div>\r\n\t\t\t<h3 class=\"cspt-post-title\"><a href=\"https:\/\/alphabetgroup.net\/recruiter\/ats-virtuelni-asistent-za-regrutaciju-i-selekciju-bez-greske\/\">ATS: VIRTUELNI ASISTENT ZA REGRUTACIJU I SELEKCIJU BEZ GRE\u0160KE<\/a><\/h3>\r\n\t\t\t<div class=\"creativesplanet-box-desc\">\r\n\t\t\t\t<div class=\"creativesplanet-box-desc-text\">\r\n\t\t\t\t\tSistem za pra\u0107enje aplikacija ili&nbsp;Applicant tracking system&nbsp;(ATS) je alat koji koristi ve\u0107ina uspje\u0161nih kompanija u&hellip;\t\t\t\t\t\r\n\t\t\t\t<\/div>\t\t\r\n\t\t\t\t<div class=\"cspt-read-more-link\"><a href=\"https:\/\/alphabetgroup.net\/recruiter\/ats-virtuelni-asistent-za-regrutaciju-i-selekciju-bez-greske\/\"><span>Saznaj vi\u0161e<\/span><\/a><\/div>\t\r\n\t\t\t<\/div>\r\n\t\t<\/div>\r\n\t<\/div>\r\n<\/article><\/div><div class=\"cspt-ele cspt-blog-ele col-md-4 recruiter\"><article class=\"creativesplanet-ele creativesplanet-ele-blog cspt-blogbox-style-1 post-1333 post type-post status-publish format-standard has-post-thumbnail hentry category-recruiter tag-regrutacija tag-selekcija\">\r\n\t<div class=\"post-item\">\r\n\t\t<div class=\"cspt-featured-container\">\r\n\t\t\t<div class=\"cspt-featured-wrapper\"><a href=\"https:\/\/alphabetgroup.net\/recruiter\/kako-je-recruiter-automatizovao-proces-selekcije\/\"><img loading=\"lazy\" decoding=\"async\" width=\"770\" height=\"500\" src=\"https:\/\/alphabetgroup.net\/recruiter\/wp-content\/uploads\/2022\/11\/3-770x500.png\" class=\"attachment-cspt-img-770x500 size-cspt-img-770x500 wp-post-image\" alt=\"\" data-id=\"1349\" \/><\/a><\/div>\t\t\t<div class=\"cspt-meta-date\">07<span>avg<\/span><\/div>\t \t\t\t\r\n\t\t<\/div>\r\n\t\t<div class=\"creativesplanet-box-content\">\t\r\n\t\t\t<div class=\"cspt-meta-container\">\r\n\t\t\t\t<div class=\"cspt-meta-author-wrapper cspt-meta-line\">\t\t\t\t\t\r\n\t\t\t\t\t<a href=\"https:\/\/alphabetgroup.net\/recruiter\/author\/admin-recruiter\/\" title=\"Posted by admin.recruiter\" rel=\"author\"><i class=\"cspt-base-icon-user-1\"><\/i> by admin.recruiter<\/a>\r\n\t\t\t\t<\/div>\r\n\t\t\t\t<div class=\"cspt-meta-date-wrapper cspt-meta-line\">\t\t\t\t\t\r\n\t\t\t\t\t<div class=\"cspt-meta-category\"><i class=\"cspt-base-icon-folder-open-empty\"><\/i> <a href=\"https:\/\/alphabetgroup.net\/recruiter\/category\/recruiter\/\" rel=\"category tag\">Recruiter<\/a><\/div>\t\r\n\t\t\t\t<\/div>\t\t\t\t\r\n\t\t\t\t<div class=\"cspt-meta-date-wrapper cspt-meta-line\">\t\r\n\t\t\t\t\t<i class=\"cspt-base-icon-comment-empty\"><\/i> <span class=\"cspt-meta cspt-meta-comments\">0<\/span>\r\n\t\t\t\t<\/div>\r\n\t\t\t\t\t\t\t\t\r\n\t\t\t\t\t\t\t<\/div>\r\n\t\t\t<h3 class=\"cspt-post-title\"><a href=\"https:\/\/alphabetgroup.net\/recruiter\/kako-je-recruiter-automatizovao-proces-selekcije\/\">KAKO JE RECRUITER AUTOMATIZOVAO PROCES SELEKCIJE?<\/a><\/h3>\r\n\t\t\t<div class=\"creativesplanet-box-desc\">\r\n\t\t\t\t<div class=\"creativesplanet-box-desc-text\">\r\n\t\t\t\t\t\u2192 U ovom tekstu sazna\u0107ete kako smo lagano pje\u0161a\u010denje zamijenili sprintom u selekcijskom procesu. \u2192&hellip;\t\t\t\t\t\r\n\t\t\t\t<\/div>\t\t\r\n\t\t\t\t<div class=\"cspt-read-more-link\"><a href=\"https:\/\/alphabetgroup.net\/recruiter\/kako-je-recruiter-automatizovao-proces-selekcije\/\"><span>Saznaj vi\u0161e<\/span><\/a><\/div>\t\r\n\t\t\t<\/div>\r\n\t\t<\/div>\r\n\t<\/div>\r\n<\/article><\/div><div class=\"cspt-ele cspt-blog-ele col-md-4 recruiter\"><article class=\"creativesplanet-ele creativesplanet-ele-blog cspt-blogbox-style-1 post-1377 post type-post status-publish format-standard has-post-thumbnail hentry category-recruiter tag-regrutacija-i-selekcija\">\r\n\t<div class=\"post-item\">\r\n\t\t<div class=\"cspt-featured-container\">\r\n\t\t\t<div class=\"cspt-featured-wrapper\"><a href=\"https:\/\/alphabetgroup.net\/recruiter\/vrijedne-lekcije-iz-regrutacije-i-selekcije-u-2021-godini\/\"><img loading=\"lazy\" decoding=\"async\" width=\"770\" height=\"500\" src=\"https:\/\/alphabetgroup.net\/recruiter\/wp-content\/uploads\/2022\/11\/4-770x500.png\" class=\"attachment-cspt-img-770x500 size-cspt-img-770x500 wp-post-image\" alt=\"regrutacija i selekcija 2021\" data-id=\"1384\" \/><\/a><\/div>\t\t\t<div class=\"cspt-meta-date\">15<span>jan<\/span><\/div>\t \t\t\t\r\n\t\t<\/div>\r\n\t\t<div class=\"creativesplanet-box-content\">\t\r\n\t\t\t<div class=\"cspt-meta-container\">\r\n\t\t\t\t<div class=\"cspt-meta-author-wrapper cspt-meta-line\">\t\t\t\t\t\r\n\t\t\t\t\t<a href=\"https:\/\/alphabetgroup.net\/recruiter\/author\/admin-recruiter\/\" title=\"Posted by admin.recruiter\" rel=\"author\"><i class=\"cspt-base-icon-user-1\"><\/i> by admin.recruiter<\/a>\r\n\t\t\t\t<\/div>\r\n\t\t\t\t<div class=\"cspt-meta-date-wrapper cspt-meta-line\">\t\t\t\t\t\r\n\t\t\t\t\t<div class=\"cspt-meta-category\"><i class=\"cspt-base-icon-folder-open-empty\"><\/i> <a href=\"https:\/\/alphabetgroup.net\/recruiter\/category\/recruiter\/\" rel=\"category tag\">Recruiter<\/a><\/div>\t\r\n\t\t\t\t<\/div>\t\t\t\t\r\n\t\t\t\t<div class=\"cspt-meta-date-wrapper cspt-meta-line\">\t\r\n\t\t\t\t\t<i class=\"cspt-base-icon-comment-empty\"><\/i> <span class=\"cspt-meta cspt-meta-comments\">0<\/span>\r\n\t\t\t\t<\/div>\r\n\t\t\t\t\t\t\t\t\r\n\t\t\t\t\t\t\t<\/div>\r\n\t\t\t<h3 class=\"cspt-post-title\"><a href=\"https:\/\/alphabetgroup.net\/recruiter\/vrijedne-lekcije-iz-regrutacije-i-selekcije-u-2021-godini\/\">VRIJEDNE LEKCIJE IZ REGRUTACIJE I SELEKCIJE U 2021. GODINI<\/a><\/h3>\r\n\t\t\t<div class=\"creativesplanet-box-desc\">\r\n\t\t\t\t<div class=\"creativesplanet-box-desc-text\">\r\n\t\t\t\t\tPrethodna godina donijela nam je mnogo novih znanja i iskustava. U prvom ovogodi\u0161njem \u010dlanku sa&hellip;\t\t\t\t\t\r\n\t\t\t\t<\/div>\t\t\r\n\t\t\t\t<div class=\"cspt-read-more-link\"><a href=\"https:\/\/alphabetgroup.net\/recruiter\/vrijedne-lekcije-iz-regrutacije-i-selekcije-u-2021-godini\/\"><span>Saznaj vi\u0161e<\/span><\/a><\/div>\t\r\n\t\t\t<\/div>\r\n\t\t<\/div>\r\n\t<\/div>\r\n<\/article><\/div><div class=\"cspt-ele cspt-blog-ele col-md-4 recruiter\"><article class=\"creativesplanet-ele creativesplanet-ele-blog cspt-blogbox-style-1 post-77 post type-post status-publish format-standard has-post-thumbnail hentry category-recruiter\">\r\n\t<div class=\"post-item\">\r\n\t\t<div class=\"cspt-featured-container\">\r\n\t\t\t<div class=\"cspt-featured-wrapper\"><a href=\"https:\/\/alphabetgroup.net\/recruiter\/7-smrtnih-grijehova-u-selekciji\/\"><img loading=\"lazy\" decoding=\"async\" width=\"770\" height=\"500\" src=\"https:\/\/alphabetgroup.net\/recruiter\/wp-content\/uploads\/2020\/07\/Featured-blog-foto-Recruiter-770x500.png\" class=\"attachment-cspt-img-770x500 size-cspt-img-770x500 wp-post-image\" alt=\"\" data-id=\"1287\" \/><\/a><\/div>\t\t\t<div class=\"cspt-meta-date\">04<span>jul<\/span><\/div>\t \t\t\t\r\n\t\t<\/div>\r\n\t\t<div class=\"creativesplanet-box-content\">\t\r\n\t\t\t<div class=\"cspt-meta-container\">\r\n\t\t\t\t<div class=\"cspt-meta-author-wrapper cspt-meta-line\">\t\t\t\t\t\r\n\t\t\t\t\t<a href=\"https:\/\/alphabetgroup.net\/recruiter\/author\/admin-recruiter\/\" title=\"Posted by admin.recruiter\" rel=\"author\"><i class=\"cspt-base-icon-user-1\"><\/i> by admin.recruiter<\/a>\r\n\t\t\t\t<\/div>\r\n\t\t\t\t<div class=\"cspt-meta-date-wrapper cspt-meta-line\">\t\t\t\t\t\r\n\t\t\t\t\t<div class=\"cspt-meta-category\"><i class=\"cspt-base-icon-folder-open-empty\"><\/i> <a href=\"https:\/\/alphabetgroup.net\/recruiter\/category\/recruiter\/\" rel=\"category tag\">Recruiter<\/a><\/div>\t\r\n\t\t\t\t<\/div>\t\t\t\t\r\n\t\t\t\t<div class=\"cspt-meta-date-wrapper cspt-meta-line\">\t\r\n\t\t\t\t\t<i class=\"cspt-base-icon-comment-empty\"><\/i> <span class=\"cspt-meta cspt-meta-comments\">0<\/span>\r\n\t\t\t\t<\/div>\r\n\t\t\t\t\t\t\t\t\r\n\t\t\t\t\t\t\t<\/div>\r\n\t\t\t<h3 class=\"cspt-post-title\"><a href=\"https:\/\/alphabetgroup.net\/recruiter\/7-smrtnih-grijehova-u-selekciji\/\">7 SMRTNIH GRIJEHOVA U SELEKCIJI<\/a><\/h3>\r\n\t\t\t<div class=\"creativesplanet-box-desc\">\r\n\t\t\t\t<div class=\"creativesplanet-box-desc-text\">\r\n\t\t\t\t\t\u201eKo je bez grijeha, neka prvi baci kamen.\u201c Pravo na gre\u0161ku jedno je od bazi\u010dnih&hellip;\t\t\t\t\t\r\n\t\t\t\t<\/div>\t\t\r\n\t\t\t\t<div class=\"cspt-read-more-link\"><a href=\"https:\/\/alphabetgroup.net\/recruiter\/7-smrtnih-grijehova-u-selekciji\/\"><span>Saznaj vi\u0161e<\/span><\/a><\/div>\t\r\n\t\t\t<\/div>\r\n\t\t<\/div>\r\n\t<\/div>\r\n<\/article><\/div>\r\n\t\t\t<\/div>\r\n\r\n\t\t\t\r\n\t\t\r\n\t\t<\/div><!-- .creativesplanet-element-inner -->   <\/div><!-- .creativesplanet-element -->  \r\n\t    \t\t\t\t<\/div>\n\t\t\t\t<\/div>\n\t\t\t\t\t<\/div>\n\t\t<\/div>\n\t\t\t\t\t<\/div>\n\t\t<\/div>\n\t\t\t\t<\/div>\n\t\t","protected":false},"excerpt":{"rendered":"<p>04jul by admin.recruiter Recruiter 0 7 SMRTNIH GRIJEHOVA U SELEKCIJI\ufffc \u201eKo je bez grijeha, neka prvi baci kamen.\u201c Pravo na gre\u0161ku jedno je od bazi\u010dnih\u2026 Saznaj vi\u0161e<\/p>\n","protected":false},"author":1,"featured_media":855,"parent":0,"menu_order":24,"comment_status":"closed","ping_status":"closed","template":"","meta":{"_acf_changed":false,"_monsterinsights_skip_tracking":false,"_monsterinsights_sitenote_active":false,"_monsterinsights_sitenote_note":"","_monsterinsights_sitenote_category":0,"footnotes":""},"class_list":["post-112","page","type-page","status-publish","has-post-thumbnail","hentry"],"acf":[],"aioseo_notices":[],"jetpack_sharing_enabled":true,"_links":{"self":[{"href":"https:\/\/alphabetgroup.net\/recruiter\/wp-json\/wp\/v2\/pages\/112","targetHints":{"allow":["GET"]}}],"collection":[{"href":"https:\/\/alphabetgroup.net\/recruiter\/wp-json\/wp\/v2\/pages"}],"about":[{"href":"https:\/\/alphabetgroup.net\/recruiter\/wp-json\/wp\/v2\/types\/page"}],"author":[{"embeddable":true,"href":"https:\/\/alphabetgroup.net\/recruiter\/wp-json\/wp\/v2\/users\/1"}],"replies":[{"embeddable":true,"href":"https:\/\/alphabetgroup.net\/recruiter\/wp-json\/wp\/v2\/comments?post=112"}],"version-history":[{"count":37,"href":"https:\/\/alphabetgroup.net\/recruiter\/wp-json\/wp\/v2\/pages\/112\/revisions"}],"predecessor-version":[{"id":1192,"href":"https:\/\/alphabetgroup.net\/recruiter\/wp-json\/wp\/v2\/pages\/112\/revisions\/1192"}],"wp:featuredmedia":[{"embeddable":true,"href":"https:\/\/alphabetgroup.net\/recruiter\/wp-json\/wp\/v2\/media\/855"}],"wp:attachment":[{"href":"https:\/\/alphabetgroup.net\/recruiter\/wp-json\/wp\/v2\/media?parent=112"}],"curies":[{"name":"wp","href":"https:\/\/api.w.org\/{rel}","templated":true}]}}